{"id":27396687,"date":"2026-04-07T12:26:59","date_gmt":"2026-04-07T10:26:59","guid":{"rendered":"https:\/\/kundenprojekt03.lieber-wirth.de\/?page_id=27396687"},"modified":"2026-04-07T22:52:13","modified_gmt":"2026-04-07T20:52:13","slug":"zuchtrichterliste","status":"publish","type":"page","link":"https:\/\/kundenprojekt03.lieber-wirth.de\/en\/zuchtrichterliste\/","title":{"rendered":"List of breeding judges"},"content":{"rendered":"<p>[et_pb_section fb_built=&#8221;1&#8243; _builder_version=&#8221;4.27.4&#8243; _module_preset=&#8221;default&#8221; global_colors_info=&#8221;{}&#8221;][et_pb_row _builder_version=&#8221;4.27.4&#8243; _module_preset=&#8221;default&#8221; global_colors_info=&#8221;{}&#8221;][et_pb_column type=&#8221;4_4&#8243; _builder_version=&#8221;4.27.4&#8243; _module_preset=&#8221;default&#8221; global_colors_info=&#8221;{}&#8221;][et_pb_image src=&#8221;https:\/\/kundenprojekt03.lieber-wirth.de\/wp-content\/uploads\/2026\/03\/Bullterrier_icon.png&#8221; title_text=&#8221;Bullterrier_icon&#8221; _builder_version=&#8221;4.27.4&#8243; _module_preset=&#8221;default&#8221; background_color=&#8221;#FFFFFF&#8221; z_index=&#8221;189&#8243; width=&#8221;200px&#8221; width_tablet=&#8221;100px&#8221; width_phone=&#8221;50%&#8221; width_last_edited=&#8221;on|phone&#8221; module_alignment=&#8221;center&#8221; custom_margin=&#8221;||||false|false&#8221; custom_padding=&#8221;|10px||10px|true|true&#8221; global_colors_info=&#8221;{}&#8221;][\/et_pb_image][et_pb_divider color=&#8221;#2e284c&#8221; divider_position=&#8221;center&#8221; divider_weight=&#8221;2px&#8221; _builder_version=&#8221;4.27.4&#8243; _module_preset=&#8221;default&#8221; custom_margin=&#8221;-76px||||false|false&#8221; custom_padding=&#8221;||||false|false&#8221; global_colors_info=&#8221;{}&#8221;][\/et_pb_divider][et_pb_text _builder_version=&#8221;4.27.4&#8243; _module_preset=&#8221;default&#8221; header_font=&#8221;Chau Philomene One|700|||||||&#8221; header_text_align=&#8221;center&#8221; header_text_color=&#8221;#2e284c&#8221; header_font_size=&#8221;50px&#8221; width_tablet=&#8221;100%&#8221; width_phone=&#8221;100%&#8221; width_last_edited=&#8221;on|tablet&#8221; module_alignment=&#8221;center&#8221; custom_margin=&#8221;0px||||false|false&#8221; custom_padding=&#8221;0px||||false|false&#8221; header_font_size_tablet=&#8221;85px&#8221; header_font_size_phone=&#8221;35px&#8221; header_font_size_last_edited=&#8221;on|tablet&#8221; global_colors_info=&#8221;{}&#8221;]<\/p>\n<h1 style=\"text-align: center;\"><strong>\u00a0DCBT-Zuchtrichterliste<\/strong><\/h1>\n<p style=\"text-align: center;\"><em>Stand: 12.11.2024<\/em><\/p>\n<p>[\/et_pb_text][\/et_pb_column][\/et_pb_row][et_pb_row _builder_version=&#8221;4.27.4&#8243; _module_preset=&#8221;default&#8221; global_colors_info=&#8221;{}&#8221;][et_pb_column type=&#8221;4_4&#8243; _builder_version=&#8221;4.27.4&#8243; _module_preset=&#8221;default&#8221; global_colors_info=&#8221;{}&#8221;][et_pb_text _builder_version=&#8221;4.27.4&#8243; _module_preset=&#8221;default&#8221; text_font_size=&#8221;18px&#8221; link_text_color=&#8221;#082545&#8243; header_3_font=&#8221;Chau Philomene One||||||||&#8221; header_3_font_size=&#8221;24px&#8221; header_4_font=&#8221;Chau Philomene One||||||||&#8221; hover_enabled=&#8221;0&#8243; global_colors_info=&#8221;{}&#8221; text_font=&#8221;PT Sans Narrow||||||||&#8221; text_text_color=&#8221;#000000&#8243; sticky_enabled=&#8221;0&#8243; header_3_text_color=&#8221;#000000&#8243; header_4_text_color=&#8221;#000000&#8243;]<\/p>\n<h3>Spezialzuchtrichter f\u00fcr folgende Rassen<\/h3>\n<p><em>Specialist Breed judges for the following breeds:<\/em><\/p>\n<p>Die Richter d\u00fcrfen die aufgef\u00fchrten Rassen bewerten und Titel und Titelanwartschaften vergeben.<\/p>\n<p><em><br \/>The judges are approved to judge all breeds listed as breed specialists and are entitled<br \/>to award titles and challenge certificates for the following breeds.<br \/><\/em><\/p>\n<h4>Standard-Nr. \/ F.C.I.-Gruppe \/ Rasse<\/h4>\n<ul>\n<li><strong>286 \/ 03<\/strong> American Staffordshire Terrier<\/li>\n<li><strong>011 \/ 03<\/strong> Bull Terrier<\/li>\n<li><strong>395 \/ 03<\/strong> Miniature Bull Terrier<\/li>\n<li><strong>076 \/ 03<\/strong> Staffordshire Bull Terrier<\/li>\n<\/ul>\n<p>Einzelheiten \u00fcber Anschrift und Zulassung f\u00fcr mehrere Rassen oder Gruppen sind auf der Internetseite des VDH ver\u00f6ffentlicht.<\/p>\n<p><em><br \/>Details of address and registration for several breeds or groups are published on the VDH website.<br \/>(www.vdh.de \u2013 Ausstellungen \u2013 Zuchtrichterliste)<br \/><\/em><\/p>\n<h3><\/h3>\n<h3><\/h3>\n<h3>Richterliste<\/h3>\n<h4>Wilfried Detels<\/h4>\n<ul>\n<li><strong>Adresse:<\/strong> Wachtelstieg 10, 24539 Neum\u00fcnster, Deutschland<\/li>\n<li><strong>Telefon:<\/strong> +49 4321 9016920<\/li>\n<li><strong>E-Mail:<\/strong> <a href=\"mailto:w.detels@t-online.de\">w.detels@t-online.de<\/a><\/li>\n<\/ul>\n<h4>Dorothe Ebener<\/h4>\n<ul>\n<li><strong>Adresse:<\/strong> Daubersbacher Siedlung 9, 91622 R\u00fcgland, Deutschland<\/li>\n<li><strong>Telefon:<\/strong> +49 9828 9119900<\/li>\n<li><strong>Mobil:<\/strong> +49 152 25769135<\/li>\n<li><strong>E-Mail:<\/strong> <a href=\"mailto:dorothe.ebener@web.de\">dorothe.ebener@web.de<\/a><\/li>\n<\/ul>\n<h4>Brigitte H\u00e4u\u00dfler<\/h4>\n<ul>\n<li><strong>Adresse:<\/strong> An der Bahn 9, 21218 Seevetal, Deutschland<\/li>\n<li><strong>Telefon:<\/strong> +49 4105 53987<\/li>\n<li><strong>Mobil:<\/strong> +49 151 46614419<\/li>\n<li><strong>E-Mail:<\/strong> <a href=\"mailto:amstaffpandorasbox@t-online.de\">amstaffpandorasbox@t-online.de<\/a><\/li>\n<\/ul>\n<h4>Gerhard Haitz<\/h4>\n<ul>\n<li><strong>Adresse:<\/strong> Maiwaldstr. 24, 77855 Achern\/Wagshurst, Deutschland<\/li>\n<li><strong>Telefon:<\/strong> +49 7843 1375<\/li>\n<li><strong>Fax:<\/strong> +49 7843 993849<\/li>\n<li><strong>E-Mail:<\/strong> <a href=\"mailto:C.Haitz@t-online.de\">C.Haitz@t-online.de<\/a><\/li>\n<\/ul>\n<h4>Alexander Hagen Hecht<\/h4>\n<ul>\n<li><strong>Adresse:<\/strong> An der K\u00e4hnhecke 5, 36145 Hofbieber, Deutschland<\/li>\n<li><strong>Mobil:<\/strong> +49 179 3924129<\/li>\n<li><strong>E-Mail:<\/strong> <a href=\"mailto:alexanderhagenhecht@gmail.com\">alexanderhagenhecht@gmail.com<\/a><\/li>\n<\/ul>\n<h4>Karl Hettich<\/h4>\n<ul>\n<li><strong>Adresse:<\/strong> Ochsenweide 7, 71543 W\u00fcstenrot, Deutschland<\/li>\n<li><strong>Telefon:<\/strong> +49 7945 942474<\/li>\n<li><strong>Fax:<\/strong> +49 7945 942475<\/li>\n<li><strong>E-Mail:<\/strong> <a href=\"mailto:karl.w.hettich@t-online.de\">karl.w.hettich@t-online.de<\/a><\/li>\n<\/ul>\n<h4>B\u00e4rbel von Kralik<\/h4>\n<ul>\n<li><strong>Adresse:<\/strong> K\u00e4the-Kollwitz-Ufer 73 A, 01307 Dresden, Deutschland<\/li>\n<li><strong>Telefon:<\/strong> +49 351 2582712<\/li>\n<li><strong>E-Mail:<\/strong> <a href=\"mailto:kralik.baerbel@t-online.de\">kralik.baerbel@t-online.de<\/a><\/li>\n<\/ul>\n<h4>Roland Mielchen<\/h4>\n<ul>\n<li><strong>Adresse:<\/strong> Westkotter Str. 54, 42275 Wuppertal, Deutschland<\/li>\n<li><strong>Telefon:<\/strong> +49 202 74779966<\/li>\n<li><strong>Mobil:<\/strong> +49 171 2441454<\/li>\n<li><strong>E-Mail:<\/strong> <a href=\"mailto:of-slanting-shore@t-online.de\">of-slanting-shore@t-online.de<\/a><\/li>\n<\/ul>\n<h4>Detlef Per\u00dfon<\/h4>\n<ul>\n<li><strong>Adresse:<\/strong> Fahrenheitstr. 46, 28832 Achim-Uphusen, Deutschland<\/li>\n<li><strong>Telefon:<\/strong> +49 4202 9100078<\/li>\n<li><strong>Mobil:<\/strong> +49 151 53533736<\/li>\n<li><strong>E-Mail:<\/strong> <a href=\"mailto:Detlef.Persson@t-online.de\">Detlef.Persson@t-online.de<\/a><\/li>\n<\/ul>\n<h4>Birgitt Salewski-Mielchen<\/h4>\n<ul>\n<li><strong>Adresse:<\/strong> Westkotter Str. 54, 42275 Wuppertal, Deutschland<\/li>\n<li><strong>Telefon:<\/strong> +49 202 74779966<\/li>\n<li><strong>Mobil:<\/strong> +49 171 2441454<\/li>\n<li><strong>E-Mail:<\/strong> <a href=\"mailto:of-slanting-shore@t-online.de\">of-slanting-shore@t-online.de<\/a><\/li>\n<\/ul>\n<p>[\/et_pb_text][\/et_pb_column][\/et_pb_row][\/et_pb_section]<\/p>\n","protected":false},"excerpt":{"rendered":"<p>\u00a0DCBT-Zuchtrichterliste Stand: 12.11.2024Spezialzuchtrichter f\u00fcr folgende Rassen Specialist Breed judges for the following breeds: Die Richter d\u00fcrfen die aufgef\u00fchrten Rassen bewerten und Titel und Titelanwartschaften vergeben. The judges are approved to judge all breeds listed as breed specialists and are entitledto award titles and challenge certificates for the following breeds. Standard-Nr. \/ F.C.I.-Gruppe \/ Rasse 286 [&hellip;]<\/p>\n","protected":false},"author":1,"featured_media":0,"parent":0,"menu_order":0,"comment_status":"closed","ping_status":"closed","template":"","meta":{"_et_pb_use_builder":"on","_et_pb_old_content":"","_et_gb_content_width":"","footnotes":""},"dipi_cpt_category":[],"class_list":["post-27396687","page","type-page","status-publish","hentry"],"_links":{"self":[{"href":"https:\/\/kundenprojekt03.lieber-wirth.de\/en\/wp-json\/wp\/v2\/pages\/27396687","targetHints":{"allow":["GET"]}}],"collection":[{"href":"https:\/\/kundenprojekt03.lieber-wirth.de\/en\/wp-json\/wp\/v2\/pages"}],"about":[{"href":"https:\/\/kundenprojekt03.lieber-wirth.de\/en\/wp-json\/wp\/v2\/types\/page"}],"author":[{"embeddable":true,"href":"https:\/\/kundenprojekt03.lieber-wirth.de\/en\/wp-json\/wp\/v2\/users\/1"}],"replies":[{"embeddable":true,"href":"https:\/\/kundenprojekt03.lieber-wirth.de\/en\/wp-json\/wp\/v2\/comments?post=27396687"}],"version-history":[{"count":4,"href":"https:\/\/kundenprojekt03.lieber-wirth.de\/en\/wp-json\/wp\/v2\/pages\/27396687\/revisions"}],"predecessor-version":[{"id":27396848,"href":"https:\/\/kundenprojekt03.lieber-wirth.de\/en\/wp-json\/wp\/v2\/pages\/27396687\/revisions\/27396848"}],"wp:attachment":[{"href":"https:\/\/kundenprojekt03.lieber-wirth.de\/en\/wp-json\/wp\/v2\/media?parent=27396687"}],"wp:term":[{"taxonomy":"dipi_cpt_category","embeddable":true,"href":"https:\/\/kundenprojekt03.lieber-wirth.de\/en\/wp-json\/wp\/v2\/dipi_cpt_category?post=27396687"}],"curies":[{"name":"wp","href":"https:\/\/api.w.org\/{rel}","templated":true}]}}