{"id":27396929,"date":"2026-04-08T12:14:55","date_gmt":"2026-04-08T10:14:55","guid":{"rendered":"https:\/\/kundenprojekt03.lieber-wirth.de\/?page_id=27396929"},"modified":"2026-04-08T12:35:38","modified_gmt":"2026-04-08T10:35:38","slug":"links","status":"publish","type":"page","link":"https:\/\/kundenprojekt03.lieber-wirth.de\/en\/links\/","title":{"rendered":"Links"},"content":{"rendered":"<p>[et_pb_section fb_built=&#8221;1&#8243; _builder_version=&#8221;4.27.4&#8243; _module_preset=&#8221;default&#8221; background_color=&#8221;RGBA(255,255,255,0)&#8221; custom_margin=&#8221;-100px||0px||false|false&#8221; custom_padding=&#8221;0px||0px||false|false&#8221; global_colors_info=&#8221;{}&#8221; theme_builder_area=&#8221;post_content&#8221;][\/et_pb_section][et_pb_section fb_built=&#8221;1&#8243; module_id=&#8221;aktuelles&#8221; _builder_version=&#8221;4.27.4&#8243; _module_preset=&#8221;default&#8221; global_colors_info=&#8221;{}&#8221; theme_builder_area=&#8221;post_content&#8221;][et_pb_row _builder_version=&#8221;4.27.4&#8243; _module_preset=&#8221;default&#8221; custom_margin=&#8221;50px||||false|false&#8221; custom_margin_tablet=&#8221;50px||||false|false&#8221; custom_margin_phone=&#8221;100px||||false|false&#8221; custom_margin_last_edited=&#8221;on|phone&#8221; global_colors_info=&#8221;{}&#8221; theme_builder_area=&#8221;post_content&#8221;][et_pb_column type=&#8221;4_4&#8243; _builder_version=&#8221;4.27.4&#8243; _module_preset=&#8221;default&#8221; global_colors_info=&#8221;{}&#8221; theme_builder_area=&#8221;post_content&#8221;][et_pb_image src=&#8221;https:\/\/kundenprojekt03.lieber-wirth.de\/wp-content\/uploads\/2026\/03\/Bullterrier_icon.png&#8221; title_text=&#8221;Bullterrier_icon&#8221; _builder_version=&#8221;4.27.4&#8243; _module_preset=&#8221;default&#8221; background_color=&#8221;#FFFFFF&#8221; z_index=&#8221;189&#8243; width=&#8221;200px&#8221; width_tablet=&#8221;100px&#8221; width_phone=&#8221;50%&#8221; width_last_edited=&#8221;on|phone&#8221; module_alignment=&#8221;center&#8221; custom_margin=&#8221;||||false|false&#8221; custom_padding=&#8221;|10px||10px|true|true&#8221; global_colors_info=&#8221;{}&#8221; theme_builder_area=&#8221;post_content&#8221;][\/et_pb_image][et_pb_divider color=&#8221;#2e284c&#8221; divider_position=&#8221;center&#8221; divider_weight=&#8221;2px&#8221; _builder_version=&#8221;4.27.4&#8243; _module_preset=&#8221;default&#8221; custom_margin=&#8221;-76px||||false|false&#8221; custom_padding=&#8221;||||false|false&#8221; global_colors_info=&#8221;{}&#8221; theme_builder_area=&#8221;post_content&#8221;][\/et_pb_divider][et_pb_text _builder_version=&#8221;4.27.4&#8243; _module_preset=&#8221;default&#8221; header_font=&#8221;Chau Philomene One|700|||||||&#8221; header_text_align=&#8221;center&#8221; header_text_color=&#8221;#2e284c&#8221; header_font_size=&#8221;50px&#8221; width_tablet=&#8221;100%&#8221; width_phone=&#8221;100%&#8221; width_last_edited=&#8221;on|tablet&#8221; module_alignment=&#8221;center&#8221; custom_margin=&#8221;0px||||false|false&#8221; custom_padding=&#8221;0px||||false|false&#8221; hover_enabled=&#8221;0&#8243; header_font_size_tablet=&#8221;85px&#8221; header_font_size_phone=&#8221;35px&#8221; header_font_size_last_edited=&#8221;on|tablet&#8221; global_colors_info=&#8221;{}&#8221; theme_builder_area=&#8221;post_content&#8221; sticky_enabled=&#8221;0&#8243;]<\/p>\n<h1 class=\"\" id=\"cc-m-header-13028097124\">Links<\/h1>\n<p>[\/et_pb_text][\/et_pb_column][\/et_pb_row][et_pb_row _builder_version=&#8221;4.27.4&#8243; _module_preset=&#8221;default&#8221; theme_builder_area=&#8221;post_content&#8221;][et_pb_column _builder_version=&#8221;4.27.4&#8243; _module_preset=&#8221;default&#8221; type=&#8221;4_4&#8243; theme_builder_area=&#8221;post_content&#8221;][et_pb_blurb image=&#8221;https:\/\/kundenprojekt03.lieber-wirth.de\/wp-content\/uploads\/2026\/04\/image-4.png&#8221; _builder_version=&#8221;4.27.4&#8243; _module_preset=&#8221;default&#8221; theme_builder_area=&#8221;post_content&#8221; icon_placement=&#8221;left&#8221; header_text_color=&#8221;#082545&#8243; header_font=&#8221;PT Sans Narrow|700|||||||&#8221; header_font_size=&#8221;24px&#8221; image_icon_width=&#8221;100px&#8221; hover_enabled=&#8221;0&#8243; sticky_enabled=&#8221;0&#8243; content_max_width=&#8221;100%&#8221; title_text=&#8221;image (4)&#8221; body_font=&#8221;PT Sans Narrow|700|||||||&#8221; body_font_size=&#8221;24px&#8221; body_text_color=&#8221;#082545&#8243; body_link_text_color=&#8221;#082545&#8243;]<\/p>\n<p><a href=\"http:\/\/www.vdh.de\/home\/\">VDH \u2013 Verband f\u00fcr das Deutsche Hundewesen<\/a><\/p>\n<p>[\/et_pb_blurb][et_pb_blurb image=&#8221;https:\/\/kundenprojekt03.lieber-wirth.de\/wp-content\/uploads\/2026\/04\/image-5.png&#8221; _builder_version=&#8221;4.27.4&#8243; _module_preset=&#8221;default&#8221; theme_builder_area=&#8221;post_content&#8221; icon_placement=&#8221;left&#8221; header_text_color=&#8221;#082545&#8243; header_font=&#8221;PT Sans Narrow|700|||||||&#8221; header_font_size=&#8221;24px&#8221; image_icon_width=&#8221;100px&#8221; hover_enabled=&#8221;0&#8243; sticky_enabled=&#8221;0&#8243; content_max_width=&#8221;100%&#8221; title_text=&#8221;image (5)&#8221; body_font=&#8221;PT Sans Narrow|700|||||||&#8221; body_font_size=&#8221;24px&#8221; body_text_color=&#8221;#082545&#8243; body_link_text_color=&#8221;#082545&#8243;]<\/p>\n<p><a href=\"http:\/\/www.fci.be\/de\/\"><span>The F\u00e9d\u00e9ration Cynologique Internationale<\/span><\/a><\/p>\n<p>[\/et_pb_blurb][et_pb_blurb image=&#8221;https:\/\/kundenprojekt03.lieber-wirth.de\/wp-content\/uploads\/2026\/04\/1435001075.jpg&#8221; _builder_version=&#8221;4.27.4&#8243; _module_preset=&#8221;default&#8221; theme_builder_area=&#8221;post_content&#8221; icon_placement=&#8221;left&#8221; header_text_color=&#8221;#082545&#8243; header_font=&#8221;PT Sans Narrow|700|||||||&#8221; header_font_size=&#8221;24px&#8221; image_icon_width=&#8221;100px&#8221; hover_enabled=&#8221;0&#8243; sticky_enabled=&#8221;0&#8243; content_max_width=&#8221;100%&#8221; title_text=&#8221;1435001075&#8243; body_font=&#8221;PT Sans Narrow|700|||||||&#8221; body_font_size=&#8221;24px&#8221; body_text_color=&#8221;#082545&#8243; body_link_text_color=&#8221;#082545&#8243;]<\/p>\n<p><a href=\"http:\/\/www.kft-online.de\/\">Klub f\u00fcr Terrier e.V. (KFT)<\/a><\/p>\n<p>[\/et_pb_blurb][\/et_pb_column][\/et_pb_row][et_pb_row _builder_version=&#8221;4.27.4&#8243; _module_preset=&#8221;default&#8221; theme_builder_area=&#8221;post_content&#8221; border_width_bottom=&#8221;2px&#8221; border_color_bottom=&#8221;#082545&#8243; custom_padding=&#8221;||0px||false|false&#8221; hover_enabled=&#8221;0&#8243; sticky_enabled=&#8221;0&#8243;][et_pb_column _builder_version=&#8221;4.27.4&#8243; _module_preset=&#8221;default&#8221; type=&#8221;4_4&#8243; theme_builder_area=&#8221;post_content&#8221;][et_pb_text _builder_version=&#8221;4.27.4&#8243; _module_preset=&#8221;default&#8221; header_font=&#8221;Chau Philomene One|700|||||||&#8221; header_text_align=&#8221;center&#8221; header_text_color=&#8221;#2e284c&#8221; header_font_size=&#8221;50px&#8221; width_tablet=&#8221;100%&#8221; width_phone=&#8221;100%&#8221; width_last_edited=&#8221;on|tablet&#8221; module_alignment=&#8221;center&#8221; custom_margin=&#8221;0px||||false|false&#8221; custom_padding=&#8221;0px||||false|false&#8221; hover_enabled=&#8221;0&#8243; header_font_size_tablet=&#8221;85px&#8221; header_font_size_phone=&#8221;35px&#8221; header_font_size_last_edited=&#8221;on|tablet&#8221; global_colors_info=&#8221;{}&#8221; theme_builder_area=&#8221;post_content&#8221; sticky_enabled=&#8221;0&#8243; header_2_font=&#8221;Chau Philomene One||||||||&#8221; header_2_text_color=&#8221;#082545&#8243; header_2_text_align=&#8221;left&#8221;]<\/p>\n<h2 style=\"min-height: 40px; text-align: left;\" data-name=\"header\" data-action=\"header\" id=\"cc-m-header-12197480524\" class=\"headline cc-m-header-inline-rte\" contenteditable=\"true\">Wissenschaft und Forschung<\/h2>\n<p>[\/et_pb_text][\/et_pb_column][\/et_pb_row][et_pb_row _builder_version=&#8221;4.27.4&#8243; _module_preset=&#8221;default&#8221; theme_builder_area=&#8221;post_content&#8221;][et_pb_column _builder_version=&#8221;4.27.4&#8243; _module_preset=&#8221;default&#8221; type=&#8221;4_4&#8243; theme_builder_area=&#8221;post_content&#8221;][et_pb_blurb image=&#8221;https:\/\/kundenprojekt03.lieber-wirth.de\/wp-content\/uploads\/2026\/04\/image-9.jpg&#8221; _builder_version=&#8221;4.27.4&#8243; _module_preset=&#8221;default&#8221; theme_builder_area=&#8221;post_content&#8221; icon_placement=&#8221;left&#8221; header_text_color=&#8221;#082545&#8243; header_font=&#8221;PT Sans Narrow|700|||||||&#8221; header_font_size=&#8221;24px&#8221; image_icon_width=&#8221;100px&#8221; hover_enabled=&#8221;0&#8243; sticky_enabled=&#8221;0&#8243; content_max_width=&#8221;100%&#8221; title_text=&#8221;image (9)&#8221; body_font=&#8221;PT Sans Narrow|700|||||||&#8221; body_font_size=&#8221;24px&#8221; body_text_color=&#8221;#082545&#8243; body_link_text_color=&#8221;#082545&#8243;]<\/p>\n<p><a title=\"http:\/\/www.dok-vet.de\/de\/default.aspx\" target=\"_blank\" href=\"http:\/\/www.dok-vet.de\/de\/default.aspx\" rel=\"noopener\">Dortmunder Kreis<\/a><\/p>\n<p>[\/et_pb_blurb][et_pb_blurb image=&#8221;https:\/\/kundenprojekt03.lieber-wirth.de\/wp-content\/uploads\/2026\/04\/image-10.jpg&#8221; _builder_version=&#8221;4.27.4&#8243; _module_preset=&#8221;default&#8221; theme_builder_area=&#8221;post_content&#8221; icon_placement=&#8221;left&#8221; header_text_color=&#8221;#082545&#8243; header_font=&#8221;PT Sans Narrow|700|||||||&#8221; header_font_size=&#8221;24px&#8221; image_icon_width=&#8221;100px&#8221; hover_enabled=&#8221;0&#8243; sticky_enabled=&#8221;0&#8243; content_max_width=&#8221;100%&#8221; title_text=&#8221;image (10)&#8221; body_font=&#8221;PT Sans Narrow|700|||||||&#8221; body_font_size=&#8221;24px&#8221; body_text_color=&#8221;#082545&#8243; body_link_text_color=&#8221;#082545&#8243;]<\/p>\n<p><a href=\"http:\/\/www.gkf-bonn.de\/index.php\/startseite.html\">GKF \u2013 Gesellschaft zur F\u00f6rderung Kynologischer Forschung<\/a><\/p>\n<p>[\/et_pb_blurb][et_pb_blurb image=&#8221;https:\/\/kundenprojekt03.lieber-wirth.de\/wp-content\/uploads\/2026\/04\/image-11.jpg&#8221; _builder_version=&#8221;4.27.4&#8243; _module_preset=&#8221;default&#8221; theme_builder_area=&#8221;post_content&#8221; icon_placement=&#8221;left&#8221; header_text_color=&#8221;#082545&#8243; header_font=&#8221;PT Sans Narrow|700|||||||&#8221; header_font_size=&#8221;24px&#8221; image_icon_width=&#8221;100px&#8221; hover_enabled=&#8221;0&#8243; sticky_enabled=&#8221;0&#8243; content_max_width=&#8221;100%&#8221; title_text=&#8221;image (11)&#8221; body_font=&#8221;PT Sans Narrow|700|||||||&#8221; body_font_size=&#8221;24px&#8221; body_text_color=&#8221;#082545&#8243; body_link_text_color=&#8221;#082545&#8243;]<\/p>\n<p><a href=\"http:\/\/www.grsk.org\/\">Die Gesellschaft f\u00fcr R\u00f6ntgendiagnostik genetisch beeinflusster Skeletterkrankungen bei Kleintieren e.V (GRSK)<\/a><\/p>\n<p>[\/et_pb_blurb][et_pb_blurb image=&#8221;https:\/\/kundenprojekt03.lieber-wirth.de\/wp-content\/uploads\/2026\/04\/image-12.jpg&#8221; _builder_version=&#8221;4.27.4&#8243; _module_preset=&#8221;default&#8221; theme_builder_area=&#8221;post_content&#8221; icon_placement=&#8221;left&#8221; header_text_color=&#8221;#082545&#8243; header_font=&#8221;PT Sans Narrow|700|||||||&#8221; header_font_size=&#8221;24px&#8221; image_icon_width=&#8221;100px&#8221; hover_enabled=&#8221;0&#8243; sticky_enabled=&#8221;0&#8243; content_max_width=&#8221;100%&#8221; title_text=&#8221;image (12)&#8221; body_font=&#8221;PT Sans Narrow|700|||||||&#8221; body_font_size=&#8221;24px&#8221; body_text_color=&#8221;#082545&#8243; body_link_text_color=&#8221;#082545&#8243;]<\/p>\n<p><a href=\"http:\/\/www.dvg.net\/\">Deutsche Veterin\u00e4rmedizinische Gesellschaft<\/a><\/p>\n<p>[\/et_pb_blurb][et_pb_blurb image=&#8221;https:\/\/kundenprojekt03.lieber-wirth.de\/wp-content\/uploads\/2026\/04\/image-13.jpg&#8221; _builder_version=&#8221;4.27.4&#8243; _module_preset=&#8221;default&#8221; theme_builder_area=&#8221;post_content&#8221; icon_placement=&#8221;left&#8221; header_text_color=&#8221;#082545&#8243; header_font=&#8221;PT Sans Narrow|700|||||||&#8221; header_font_size=&#8221;24px&#8221; image_icon_width=&#8221;100px&#8221; hover_enabled=&#8221;0&#8243; sticky_enabled=&#8221;0&#8243; content_max_width=&#8221;100%&#8221; title_text=&#8221;image (13)&#8221; body_font=&#8221;PT Sans Narrow|700|||||||&#8221; body_font_size=&#8221;24px&#8221; body_text_color=&#8221;#082545&#8243; body_link_text_color=&#8221;#082545&#8243;]<\/p>\n<p><a href=\"http:\/\/www.t-klinik.de\/\">Tier\u00e4rztliche Klinik Birkenfeld<\/a><\/p>\n<p>[\/et_pb_blurb][et_pb_blurb image=&#8221;https:\/\/kundenprojekt03.lieber-wirth.de\/wp-content\/uploads\/2026\/04\/image-14.jpg&#8221; _builder_version=&#8221;4.27.4&#8243; _module_preset=&#8221;default&#8221; theme_builder_area=&#8221;post_content&#8221; icon_placement=&#8221;left&#8221; header_text_color=&#8221;#082545&#8243; header_font=&#8221;PT Sans Narrow|700|||||||&#8221; header_font_size=&#8221;24px&#8221; image_icon_width=&#8221;100px&#8221; hover_enabled=&#8221;0&#8243; sticky_enabled=&#8221;0&#8243; content_max_width=&#8221;100%&#8221; title_text=&#8221;image (14)&#8221; body_font=&#8221;PT Sans Narrow|700|||||||&#8221; body_font_size=&#8221;24px&#8221; body_text_color=&#8221;#082545&#8243; body_link_text_color=&#8221;#082545&#8243;]<\/p>\n<p><a href=\"http:\/\/www.tieraerzteverband.de\/\">bpt \u2013 Der Bundesverband praktizierender Tier\u00e4rzte e.V.<\/a><\/p>\n<p>[\/et_pb_blurb][et_pb_blurb image=&#8221;https:\/\/kundenprojekt03.lieber-wirth.de\/wp-content\/uploads\/2026\/04\/image-15.jpg&#8221; _builder_version=&#8221;4.27.4&#8243; _module_preset=&#8221;default&#8221; theme_builder_area=&#8221;post_content&#8221; icon_placement=&#8221;left&#8221; header_text_color=&#8221;#082545&#8243; header_font=&#8221;PT Sans Narrow|700|||||||&#8221; header_font_size=&#8221;24px&#8221; image_icon_width=&#8221;100px&#8221; hover_enabled=&#8221;0&#8243; sticky_enabled=&#8221;0&#8243; content_max_width=&#8221;100%&#8221; title_text=&#8221;image (15)&#8221; body_font=&#8221;PT Sans Narrow|700|||||||&#8221; body_font_size=&#8221;24px&#8221; body_text_color=&#8221;#082545&#8243; body_link_text_color=&#8221;#082545&#8243;]<\/p>\n<p><a href=\"http:\/\/www.ecvo.org\/\">European College of Veterinary Ophthalmologists<\/a><\/p>\n<p>[\/et_pb_blurb][et_pb_blurb image=&#8221;https:\/\/kundenprojekt03.lieber-wirth.de\/wp-content\/uploads\/2026\/04\/image-16.jpg&#8221; _builder_version=&#8221;4.27.4&#8243; _module_preset=&#8221;default&#8221; theme_builder_area=&#8221;post_content&#8221; icon_placement=&#8221;left&#8221; header_text_color=&#8221;#082545&#8243; header_font=&#8221;PT Sans Narrow|700|||||||&#8221; header_font_size=&#8221;24px&#8221; image_icon_width=&#8221;100px&#8221; hover_enabled=&#8221;0&#8243; sticky_enabled=&#8221;0&#8243; content_max_width=&#8221;100%&#8221; title_text=&#8221;image (16)&#8221; body_font=&#8221;PT Sans Narrow|700|||||||&#8221; body_font_size=&#8221;24px&#8221; body_text_color=&#8221;#082545&#8243; body_link_text_color=&#8221;#082545&#8243;]<\/p>\n<p><a href=\"http:\/\/www.blendivet.de\/hundezucht.htm\">Themen \u00fcber die Hundezucht<\/a><\/p>\n<p>[\/et_pb_blurb][et_pb_blurb image=&#8221;https:\/\/kundenprojekt03.lieber-wirth.de\/wp-content\/uploads\/2026\/04\/image-17.jpg&#8221; _builder_version=&#8221;4.27.4&#8243; _module_preset=&#8221;default&#8221; theme_builder_area=&#8221;post_content&#8221; icon_placement=&#8221;left&#8221; header_text_color=&#8221;#082545&#8243; header_font=&#8221;PT Sans Narrow|700|||||||&#8221; header_font_size=&#8221;24px&#8221; image_icon_width=&#8221;100px&#8221; hover_enabled=&#8221;0&#8243; sticky_enabled=&#8221;0&#8243; content_max_width=&#8221;100%&#8221; title_text=&#8221;image (17)&#8221; body_font=&#8221;PT Sans Narrow|700|||||||&#8221; body_font_size=&#8221;24px&#8221; body_text_color=&#8221;#082545&#8243; body_link_text_color=&#8221;#082545&#8243;]<\/p>\n<p><a href=\"http:\/\/www.canine-semenbanks-europe.com\/\">Canine Semenbanks Europe \/ Hundesamenbanken in Europa<\/a><\/p>\n<p>[\/et_pb_blurb][et_pb_blurb image=&#8221;https:\/\/kundenprojekt03.lieber-wirth.de\/wp-content\/uploads\/2026\/04\/image-18.jpg&#8221; _builder_version=&#8221;4.27.4&#8243; _module_preset=&#8221;default&#8221; theme_builder_area=&#8221;post_content&#8221; icon_placement=&#8221;left&#8221; header_text_color=&#8221;#082545&#8243; header_font=&#8221;PT Sans Narrow|700|||||||&#8221; header_font_size=&#8221;24px&#8221; image_icon_width=&#8221;100px&#8221; hover_enabled=&#8221;0&#8243; sticky_enabled=&#8221;0&#8243; content_max_width=&#8221;100%&#8221; title_text=&#8221;image (18)&#8221; body_font=&#8221;PT Sans Narrow|700|||||||&#8221; body_font_size=&#8221;24px&#8221; body_text_color=&#8221;#082545&#8243; body_link_text_color=&#8221;#082545&#8243;]<\/p>\n<p><a href=\"https:\/\/www.tasso.net\/\">Tasso &#8211; kostenlose Online Haustierregistrierung<\/a><\/p>\n<p>[\/et_pb_blurb][et_pb_blurb image=&#8221;https:\/\/kundenprojekt03.lieber-wirth.de\/wp-content\/uploads\/2026\/04\/image-19.jpg&#8221; _builder_version=&#8221;4.27.4&#8243; _module_preset=&#8221;default&#8221; theme_builder_area=&#8221;post_content&#8221; icon_placement=&#8221;left&#8221; header_text_color=&#8221;#082545&#8243; header_font=&#8221;PT Sans Narrow|700|||||||&#8221; header_font_size=&#8221;24px&#8221; image_icon_width=&#8221;100px&#8221; hover_enabled=&#8221;0&#8243; sticky_enabled=&#8221;0&#8243; content_max_width=&#8221;100%&#8221; title_text=&#8221;image (19)&#8221; body_font=&#8221;PT Sans Narrow|700|||||||&#8221; body_font_size=&#8221;24px&#8221; body_text_color=&#8221;#082545&#8243; body_link_text_color=&#8221;#082545&#8243;]<\/p>\n<p><a href=\"http:\/\/www.kynos-verlag.de\/\">Hundeb\u00fccher f\u00fcr Sp\u00fcrnasen<\/a><\/p>\n<p>[\/et_pb_blurb][et_pb_blurb image=&#8221;https:\/\/kundenprojekt03.lieber-wirth.de\/wp-content\/uploads\/2026\/04\/image-20.jpg&#8221; _builder_version=&#8221;4.27.4&#8243; _module_preset=&#8221;default&#8221; theme_builder_area=&#8221;post_content&#8221; icon_placement=&#8221;left&#8221; header_text_color=&#8221;#082545&#8243; header_font=&#8221;PT Sans Narrow|700|||||||&#8221; header_font_size=&#8221;24px&#8221; image_icon_width=&#8221;100px&#8221; hover_enabled=&#8221;0&#8243; sticky_enabled=&#8221;0&#8243; content_max_width=&#8221;100%&#8221; title_text=&#8221;image (20)&#8221; body_font=&#8221;PT Sans Narrow|700|||||||&#8221; body_font_size=&#8221;24px&#8221; body_text_color=&#8221;#082545&#8243; body_link_text_color=&#8221;#082545&#8243;]<\/p>\n<p><a href=\"http:\/\/photoroberto.de\/\">photoroberto-animal photographer<\/a><\/p>\n<p>[\/et_pb_blurb][\/et_pb_column][\/et_pb_row][et_pb_row _builder_version=&#8221;4.27.4&#8243; _module_preset=&#8221;default&#8221; theme_builder_area=&#8221;post_content&#8221; border_width_bottom=&#8221;2px&#8221; border_color_bottom=&#8221;#082545&#8243; custom_padding=&#8221;||0px||false|false&#8221; hover_enabled=&#8221;0&#8243; sticky_enabled=&#8221;0&#8243;][et_pb_column _builder_version=&#8221;4.27.4&#8243; _module_preset=&#8221;default&#8221; type=&#8221;4_4&#8243; theme_builder_area=&#8221;post_content&#8221;][et_pb_text _builder_version=&#8221;4.27.4&#8243; _module_preset=&#8221;default&#8221; header_font=&#8221;Chau Philomene One|700|||||||&#8221; header_text_align=&#8221;center&#8221; header_text_color=&#8221;#2e284c&#8221; header_font_size=&#8221;50px&#8221; width_tablet=&#8221;100%&#8221; width_phone=&#8221;100%&#8221; width_last_edited=&#8221;on|tablet&#8221; module_alignment=&#8221;center&#8221; custom_margin=&#8221;0px||||false|false&#8221; custom_padding=&#8221;0px||||false|false&#8221; hover_enabled=&#8221;0&#8243; header_font_size_tablet=&#8221;85px&#8221; header_font_size_phone=&#8221;35px&#8221; header_font_size_last_edited=&#8221;on|tablet&#8221; global_colors_info=&#8221;{}&#8221; theme_builder_area=&#8221;post_content&#8221; sticky_enabled=&#8221;0&#8243; header_2_font=&#8221;Chau Philomene One||||||||&#8221; header_2_text_color=&#8221;#082545&#8243; header_2_text_align=&#8221;left&#8221;]<\/p>\n<h2 id=\"cc-m-header-12197480524\" class=\"headline cc-m-header-inline-rte\" contenteditable=\"true\" data-name=\"header\" data-action=\"header\">Tierschutz<\/h2>\n<p>[\/et_pb_text][\/et_pb_column][\/et_pb_row][et_pb_row _builder_version=&#8221;4.27.4&#8243; _module_preset=&#8221;default&#8221; theme_builder_area=&#8221;post_content&#8221;][et_pb_column _builder_version=&#8221;4.27.4&#8243; _module_preset=&#8221;default&#8221; type=&#8221;4_4&#8243; theme_builder_area=&#8221;post_content&#8221;][et_pb_text _builder_version=&#8221;4.27.4&#8243; _module_preset=&#8221;default&#8221; theme_builder_area=&#8221;post_content&#8221; link_font=&#8221;PT Sans Narrow||||on||||&#8221; link_font_size=&#8221;20px&#8221; link_text_color=&#8221;#082545&#8243; hover_enabled=&#8221;0&#8243; sticky_enabled=&#8221;0&#8243;]<\/p>\n<p><a title=\"http:\/\/www.bullterrier-in-not.de\/\" target=\"_blank\" href=\"http:\/\/www.bullterrier-in-not.de\/\" rel=\"noopener\"><span>www.bullterrier-in-not.de<\/span><\/a><\/p>\n<p>[\/et_pb_text][\/et_pb_column][\/et_pb_row][\/et_pb_section]<\/p>\n","protected":false},"excerpt":{"rendered":"<p>LinksVDH \u2013 Verband f\u00fcr das Deutsche HundewesenThe F\u00e9d\u00e9ration Cynologique InternationaleKlub f\u00fcr Terrier e.V. (KFT)Wissenschaft und ForschungDortmunder KreisGKF \u2013 Gesellschaft zur F\u00f6rderung Kynologischer ForschungDie Gesellschaft f\u00fcr R\u00f6ntgendiagnostik genetisch beeinflusster Skeletterkrankungen bei Kleintieren e.V (GRSK)Deutsche Veterin\u00e4rmedizinische GesellschaftTier\u00e4rztliche Klinik Birkenfeldbpt \u2013 Der Bundesverband praktizierender Tier\u00e4rzte e.V.European College of Veterinary OphthalmologistsThemen \u00fcber die HundezuchtCanine Semenbanks Europe \/ Hundesamenbanken in [&hellip;]<\/p>\n","protected":false},"author":1,"featured_media":0,"parent":0,"menu_order":0,"comment_status":"closed","ping_status":"closed","template":"","meta":{"_et_pb_use_builder":"on","_et_pb_old_content":"","_et_gb_content_width":"","footnotes":""},"dipi_cpt_category":[],"class_list":["post-27396929","page","type-page","status-publish","hentry"],"_links":{"self":[{"href":"https:\/\/kundenprojekt03.lieber-wirth.de\/en\/wp-json\/wp\/v2\/pages\/27396929","targetHints":{"allow":["GET"]}}],"collection":[{"href":"https:\/\/kundenprojekt03.lieber-wirth.de\/en\/wp-json\/wp\/v2\/pages"}],"about":[{"href":"https:\/\/kundenprojekt03.lieber-wirth.de\/en\/wp-json\/wp\/v2\/types\/page"}],"author":[{"embeddable":true,"href":"https:\/\/kundenprojekt03.lieber-wirth.de\/en\/wp-json\/wp\/v2\/users\/1"}],"replies":[{"embeddable":true,"href":"https:\/\/kundenprojekt03.lieber-wirth.de\/en\/wp-json\/wp\/v2\/comments?post=27396929"}],"version-history":[{"count":3,"href":"https:\/\/kundenprojekt03.lieber-wirth.de\/en\/wp-json\/wp\/v2\/pages\/27396929\/revisions"}],"predecessor-version":[{"id":27396948,"href":"https:\/\/kundenprojekt03.lieber-wirth.de\/en\/wp-json\/wp\/v2\/pages\/27396929\/revisions\/27396948"}],"wp:attachment":[{"href":"https:\/\/kundenprojekt03.lieber-wirth.de\/en\/wp-json\/wp\/v2\/media?parent=27396929"}],"wp:term":[{"taxonomy":"dipi_cpt_category","embeddable":true,"href":"https:\/\/kundenprojekt03.lieber-wirth.de\/en\/wp-json\/wp\/v2\/dipi_cpt_category?post=27396929"}],"curies":[{"name":"wp","href":"https:\/\/api.w.org\/{rel}","templated":true}]}}